{"id":3769,"date":"2023-03-06T14:55:17","date_gmt":"2023-03-06T13:55:17","guid":{"rendered":"https:\/\/nplmarkets.com\/vendedores\/"},"modified":"2023-05-02T01:22:44","modified_gmt":"2023-05-01T23:22:44","slug":"vendedores","status":"publish","type":"page","link":"https:\/\/nplmarkets.com\/pt-br\/vendedores\/","title":{"rendered":"Vendedores"},"content":{"rendered":"<section class=\"l-section wpb_row height_huge with_img\"><div class=\"l-section-img\" role=\"img\" data-img-width=\"1920\" data-img-height=\"1280\" style=\"background-image: url(https:\/\/i0.wp.com\/nplmarkets.com\/wp-content\/uploads\/2023\/03\/sellers-header.jpg?fit=1920%2C1280&#038;ssl=1);\"><\/div><div class=\"l-section-h i-cf\"><div class=\"g-cols vc_row via_flex valign_top type_default stacking_default\"><div class=\"vc_col-sm-12 wpb_column vc_column_container\"><div class=\"vc_column-inner\"><div class=\"wpb_wrapper\"><div class=\"w-iconbox iconpos_top style_circle color_custom align_center no_text no_title\"><div class=\"w-iconbox-icon\" style=\"font-size:48px;--icon-color:#ffffff;--icon-bg-color:rgba(255,255,255,0.00);\"><i class=\"fal fa-users\"><\/i><\/div><div class=\"w-iconbox-meta\"><\/div><\/div><div class=\"wpb_text_column us_custom_44463e1c has_text_color\"><div class=\"wpb_wrapper\"><p style=\"text-align: center;\">Vendedores<\/p>\n<\/div><\/div><div class=\"w-separator size_custom\" style=\"height:20px\"><\/div><div class=\"wpb_text_column us_custom_b3806694 has_text_color\"><div class=\"wpb_wrapper\"><p style=\"text-align: center;\">Simplifique a sua estrat\u00e9gia de elimina\u00e7\u00e3o, fa\u00e7a parte do mercado<\/p>\n<\/div><\/div><\/div><\/div><\/div><\/div><\/div><\/section><section class=\"l-section wpb_row height_huge\"><div class=\"l-section-h i-cf\"><div class=\"g-cols vc_row via_flex valign_top type_default stacking_default\"><div class=\"vc_col-sm-12 wpb_column vc_column_container\"><div class=\"vc_column-inner\"><div class=\"wpb_wrapper\"><div class=\"wpb_text_column us_custom_6f89fec3 has_text_color\"><div class=\"wpb_wrapper\"><h2 style=\"text-align: center;\">Forne\u00e7a valor aos vendedores<\/h2>\n<\/div><\/div><div class=\"w-separator size_large\"><\/div><div class=\"g-cols wpb_row via_flex valign_top type_default stacking_default\"><div class=\"vc_col-sm-4 wpb_column vc_column_container\"><div class=\"vc_column-inner\"><div class=\"wpb_wrapper\"><div class=\"w-iconbox iconpos_top style_circle color_custom align_center no_text no_title\"><div class=\"w-iconbox-icon\" style=\"font-size:36px;--icon-color:#003366;--icon-bg-color:#E5EBF0;\"><i class=\"fal fa-layer-group\"><\/i><\/div><div class=\"w-iconbox-meta\"><\/div><\/div><div class=\"w-separator size_custom\" style=\"height:30px\"><\/div><div class=\"wpb_text_column us_custom_cc4df688 has_text_color\"><div class=\"wpb_wrapper\"><p style=\"text-align: center;\">PREPARA\u00c7\u00c3O DE DADOS<\/p>\n<\/div><\/div><div class=\"w-separator size_custom\" style=\"height:10px\"><\/div><div class=\"wpb_text_column us_custom_07f6adca has_text_color\"><div class=\"wpb_wrapper\"><p style=\"text-align: center;\">Aceda a mais de 770 investidores ativos de n\u00edvel 1 e 2 em todos os mercados e classes de ativos. Pesquisar investidores por crit\u00e9rios de investimento.<\/p>\n<\/div><\/div><\/div><\/div><\/div><div class=\"vc_col-sm-4 wpb_column vc_column_container\"><div class=\"vc_column-inner\"><div class=\"wpb_wrapper\"><div class=\"w-iconbox iconpos_top style_circle color_custom align_center no_text no_title\"><div class=\"w-iconbox-icon\" style=\"font-size:36px;--icon-color:#003366;--icon-bg-color:#E5EBF0;\"><i class=\"fal fa-balance-scale\"><\/i><\/div><div class=\"w-iconbox-meta\"><\/div><\/div><div class=\"w-separator size_custom\" style=\"height:30px\"><\/div><div class=\"wpb_text_column us_custom_cc4df688 has_text_color\"><div class=\"wpb_wrapper\"><p style=\"text-align: center;\">AVALIA\u00c7\u00c3O DA CARTEIRA<\/p>\n<\/div><\/div><div class=\"w-separator size_custom\" style=\"height:10px\"><\/div><div class=\"wpb_text_column us_custom_07f6adca has_text_color\"><div class=\"wpb_wrapper\"><p style=\"text-align: center;\">Gira cada fase da transa\u00e7\u00e3o de forma mais eficiente, desde o teaser de pr\u00e9-comercializa\u00e7\u00e3o at\u00e9 \u00e0 oferta n\u00e3o vinculativa e vinculativa, acesso \u00e0 SDV e a devida dilig\u00eancia.<\/p>\n<\/div><\/div><\/div><\/div><\/div><div class=\"vc_col-sm-4 wpb_column vc_column_container\"><div class=\"vc_column-inner\"><div class=\"wpb_wrapper\"><div class=\"w-iconbox iconpos_top style_circle color_custom align_center no_text no_title\"><div class=\"w-iconbox-icon\" style=\"font-size:36px;--icon-color:#003366;--icon-bg-color:#E5EBF0;\"><i class=\"fal fa-analytics\"><\/i><\/div><div class=\"w-iconbox-meta\"><\/div><\/div><div class=\"w-separator size_custom\" style=\"height:30px\"><\/div><div class=\"wpb_text_column us_custom_cc4df688 has_text_color\"><div class=\"wpb_wrapper\"><p style=\"text-align: center;\">AN\u00c1LISES<\/p>\n<\/div><\/div><div class=\"w-separator size_custom\" style=\"height:10px\"><\/div><div class=\"wpb_text_column us_custom_07f6adca has_text_color\"><div class=\"wpb_wrapper\"><p style=\"text-align: center;\">Crie e imprima relat\u00f3rios de neg\u00f3cios e avalia\u00e7\u00e3o para apoiar decis\u00f5es de gest\u00e3o interna e requisitos regulamentares.<\/p>\n<\/div><\/div><\/div><\/div><\/div><\/div><div class=\"w-separator size_medium\"><\/div><div class=\"g-cols wpb_row via_flex valign_top type_default stacking_default\"><div class=\"vc_col-sm-4 wpb_column vc_column_container\"><div class=\"vc_column-inner\"><div class=\"wpb_wrapper\"><div class=\"w-iconbox iconpos_top style_circle color_custom align_center no_text no_title\"><div class=\"w-iconbox-icon\" style=\"font-size:36px;--icon-color:#003366;--icon-bg-color:#E5EBF0;\"><i class=\"fal fa-tachometer-alt-slow\"><\/i><\/div><div class=\"w-iconbox-meta\"><\/div><\/div><div class=\"w-separator size_custom\" style=\"height:30px\"><\/div><div class=\"wpb_text_column us_custom_cc4df688 has_text_color\"><div class=\"wpb_wrapper\"><p style=\"text-align: center;\">PAINEL CENTRALIZADO<\/p>\n<\/div><\/div><div class=\"w-separator size_custom\" style=\"height:10px\"><\/div><div class=\"wpb_text_column us_custom_07f6adca has_text_color\"><div class=\"wpb_wrapper\"><p style=\"text-align: center;\">Ferramenta de negocia\u00e7\u00e3o e de envio de mensagens para suportar cada fase da transa\u00e7\u00e3o. Notifica\u00e7\u00e3o e alertas em tempo real para cumprir os prazos de transa\u00e7\u00e3o.<\/p>\n<\/div><\/div><\/div><\/div><\/div><div class=\"vc_col-sm-4 wpb_column vc_column_container\"><div class=\"vc_column-inner\"><div class=\"wpb_wrapper\"><div class=\"w-iconbox iconpos_top style_circle color_custom align_center no_text no_title\"><div class=\"w-iconbox-icon\" style=\"font-size:36px;--icon-color:#003366;--icon-bg-color:#E5EBF0;\"><i class=\"fal fa-globe\"><\/i><\/div><div class=\"w-iconbox-meta\"><\/div><\/div><div class=\"w-separator size_custom\" style=\"height:30px\"><\/div><div class=\"wpb_text_column us_custom_cc4df688 has_text_color\"><div class=\"wpb_wrapper\"><p style=\"text-align: center;\">ALCANCE GLOBAL DO INVESTIDOR<\/p>\n<\/div><\/div><div class=\"w-separator size_custom\" style=\"height:10px\"><\/div><div class=\"wpb_text_column us_custom_07f6adca has_text_color\"><div class=\"wpb_wrapper\"><p style=\"text-align: center;\">Aceda a mais de 770 investidores ativos de n\u00edvel 1 e 2 em todos os mercados e classes de ativos. Pesquisar investidores por crit\u00e9rios de investimento.<\/p>\n<\/div><\/div><\/div><\/div><\/div><div class=\"vc_col-sm-4 wpb_column vc_column_container\"><div class=\"vc_column-inner\"><div class=\"wpb_wrapper\"><div class=\"w-iconbox iconpos_top style_circle color_custom align_center no_text no_title\"><div class=\"w-iconbox-icon\" style=\"font-size:36px;--icon-color:#003366;--icon-bg-color:#E5EBF0;\"><i class=\"fal fa-stopwatch\"><\/i><\/div><div class=\"w-iconbox-meta\"><\/div><\/div><div class=\"w-separator size_custom\" style=\"height:30px\"><\/div><div class=\"wpb_text_column us_custom_cc4df688 has_text_color\"><div class=\"wpb_wrapper\"><p style=\"text-align: center;\">EXECU\u00c7\u00c3O MAIS R\u00c1PIDA DO NEG\u00d3CIO<\/p>\n<\/div><\/div><div class=\"w-separator size_custom\" style=\"height:10px\"><\/div><div class=\"wpb_text_column us_custom_07f6adca has_text_color\"><div class=\"wpb_wrapper\"><p style=\"text-align: center;\">Gira cada fase da transa\u00e7\u00e3o de forma mais eficiente, desde o teaser de pr\u00e9-comercializa\u00e7\u00e3o at\u00e9 \u00e0 oferta n\u00e3o vinculativa e vinculativa, acesso \u00e0 SDV e a devida dilig\u00eancia.<\/p>\n<\/div><\/div><\/div><\/div><\/div><\/div><div class=\"w-separator size_medium\"><\/div><div class=\"g-cols wpb_row via_flex valign_top type_default stacking_default\"><div class=\"vc_col-sm-4 wpb_column vc_column_container\"><div class=\"vc_column-inner\"><div class=\"wpb_wrapper\"><div class=\"w-iconbox iconpos_top style_circle color_custom align_center no_text no_title\"><div class=\"w-iconbox-icon\" style=\"font-size:36px;--icon-color:#003366;--icon-bg-color:#E5EBF0;\"><i class=\"fal fa-file-chart-pie\"><\/i><\/div><div class=\"w-iconbox-meta\"><\/div><\/div><div class=\"w-separator size_custom\" style=\"height:30px\"><\/div><div class=\"wpb_text_column us_custom_cc4df688 has_text_color\"><div class=\"wpb_wrapper\"><p style=\"text-align: center;\">ELABORA\u00c7\u00c3O DE RELAT\u00d3RIOS DE NEGOCIA\u00c7\u00c3O E AVALIA\u00c7\u00c3O<\/p>\n<\/div><\/div><div class=\"w-separator size_custom\" style=\"height:10px\"><\/div><div class=\"wpb_text_column us_custom_07f6adca has_text_color\"><div class=\"wpb_wrapper\"><p style=\"text-align: center;\">Crie e imprima relat\u00f3rios de neg\u00f3cios e avalia\u00e7\u00e3o para apoiar decis\u00f5es de gest\u00e3o interna e requisitos regulamentares.<\/p>\n<\/div><\/div><\/div><\/div><\/div><div class=\"vc_col-sm-4 wpb_column vc_column_container\"><div class=\"vc_column-inner\"><div class=\"wpb_wrapper\"><div class=\"w-iconbox iconpos_top style_circle color_custom align_center no_text no_title\"><div class=\"w-iconbox-icon\" style=\"font-size:36px;--icon-color:#003366;--icon-bg-color:#E5EBF0;\"><i class=\"fal fa-bell-on\"><\/i><\/div><div class=\"w-iconbox-meta\"><\/div><\/div><div class=\"w-separator size_custom\" style=\"height:30px\"><\/div><div class=\"wpb_text_column us_custom_cc4df688 has_text_color\"><div class=\"wpb_wrapper\"><p style=\"text-align: center;\">MENSAGENS E ALERTAS EM TEMPO REAL<\/p>\n<\/div><\/div><div class=\"w-separator size_custom\" style=\"height:10px\"><\/div><div class=\"wpb_text_column us_custom_07f6adca has_text_color\"><div class=\"wpb_wrapper\"><p style=\"text-align: center;\">Ferramenta de negocia\u00e7\u00e3o e de envio de mensagens para suportar cada fase da transa\u00e7\u00e3o. Notifica\u00e7\u00e3o e alertas em tempo real para cumprir os prazos de transa\u00e7\u00e3o.<\/p>\n<\/div><\/div><\/div><\/div><\/div><div class=\"vc_col-sm-4 wpb_column vc_column_container\"><div class=\"vc_column-inner\"><div class=\"wpb_wrapper\"><\/div><\/div><\/div><\/div><\/div><\/div><\/div><\/div><\/div><\/section>\n","protected":false},"excerpt":{"rendered":"<p>Simplifique a sua estrat\u00e9gia de elimina\u00e7\u00e3o, fa\u00e7a parte do mercado<\/p>\n","protected":false},"author":230404242,"featured_media":3444,"parent":0,"menu_order":0,"comment_status":"closed","ping_status":"closed","template":"","meta":{"_monsterinsights_skip_tracking":false,"_monsterinsights_sitenote_active":false,"_monsterinsights_sitenote_note":"","_monsterinsights_sitenote_category":0,"footnotes":""},"class_list":["post-3769","page","type-page","status-publish","has-post-thumbnail","hentry"],"aioseo_notices":[],"jetpack_sharing_enabled":true,"jetpack_shortlink":"https:\/\/wp.me\/PeuIXD-YN","jetpack-related-posts":[],"_links":{"self":[{"href":"https:\/\/nplmarkets.com\/pt-br\/wp-json\/wp\/v2\/pages\/3769","targetHints":{"allow":["GET"]}}],"collection":[{"href":"https:\/\/nplmarkets.com\/pt-br\/wp-json\/wp\/v2\/pages"}],"about":[{"href":"https:\/\/nplmarkets.com\/pt-br\/wp-json\/wp\/v2\/types\/page"}],"author":[{"embeddable":true,"href":"https:\/\/nplmarkets.com\/pt-br\/wp-json\/wp\/v2\/users\/230404242"}],"replies":[{"embeddable":true,"href":"https:\/\/nplmarkets.com\/pt-br\/wp-json\/wp\/v2\/comments?post=3769"}],"version-history":[{"count":2,"href":"https:\/\/nplmarkets.com\/pt-br\/wp-json\/wp\/v2\/pages\/3769\/revisions"}],"predecessor-version":[{"id":3771,"href":"https:\/\/nplmarkets.com\/pt-br\/wp-json\/wp\/v2\/pages\/3769\/revisions\/3771"}],"wp:featuredmedia":[{"embeddable":true,"href":"https:\/\/nplmarkets.com\/pt-br\/wp-json\/wp\/v2\/media\/3444"}],"wp:attachment":[{"href":"https:\/\/nplmarkets.com\/pt-br\/wp-json\/wp\/v2\/media?parent=3769"}],"curies":[{"name":"wp","href":"https:\/\/api.w.org\/{rel}","templated":true}]}}