{"id":3745,"date":"2023-03-06T14:55:46","date_gmt":"2023-03-06T13:55:46","guid":{"rendered":"https:\/\/nplmarkets.com\/compradores\/"},"modified":"2023-08-09T15:44:59","modified_gmt":"2023-08-09T13:44:59","slug":"compradores","status":"publish","type":"page","link":"https:\/\/nplmarkets.com\/pt-br\/compradores\/","title":{"rendered":"Compradores"},"content":{"rendered":"<section class=\"l-section wpb_row height_huge with_img\"><div class=\"l-section-img\" role=\"img\" data-img-width=\"1920\" data-img-height=\"1280\" style=\"background-image: url(https:\/\/i0.wp.com\/nplmarkets.com\/wp-content\/uploads\/2023\/03\/buyers-header.jpg?fit=1920%2C1280&#038;ssl=1);\"><\/div><div class=\"l-section-h i-cf\"><div class=\"g-cols vc_row via_flex valign_top type_default stacking_default\"><div class=\"vc_col-sm-12 wpb_column vc_column_container\"><div class=\"vc_column-inner\"><div class=\"wpb_wrapper\"><div class=\"w-iconbox iconpos_top style_circle color_custom align_center no_text no_title\"><div class=\"w-iconbox-icon\" style=\"font-size:48px;--icon-color:#ffffff;--icon-bg-color:rgba(255,255,255,0.00);\"><i class=\"fal fa-users\"><\/i><\/div><div class=\"w-iconbox-meta\"><\/div><\/div><div class=\"wpb_text_column us_custom_44463e1c has_text_color\"><div class=\"wpb_wrapper\"><p style=\"text-align: center;\">COMPRADORES<\/p>\n<\/div><\/div><div class=\"w-separator size_custom\" style=\"height:20px\"><\/div><div class=\"wpb_text_column us_custom_b3806694 has_text_color\"><div class=\"wpb_wrapper\"><p style=\"text-align: center;\">Sistema centralizado de investimento de ponta a ponta<\/p>\n<\/div><\/div><\/div><\/div><\/div><\/div><\/div><\/section><section class=\"l-section wpb_row height_huge\"><div class=\"l-section-h i-cf\"><div class=\"g-cols vc_row via_flex valign_top type_default stacking_default\"><div class=\"vc_col-sm-12 wpb_column vc_column_container\"><div class=\"vc_column-inner\"><div class=\"wpb_wrapper\"><div class=\"wpb_text_column us_custom_6f89fec3 has_text_color\"><div class=\"wpb_wrapper\"><h2 style=\"text-align: center;\">Fornecimento de valor aos compradores<\/h2>\n<\/div><\/div><div class=\"w-separator size_large\"><\/div><div class=\"g-cols wpb_row via_flex valign_top type_default stacking_default\"><div class=\"vc_col-sm-4 wpb_column vc_column_container\"><div class=\"vc_column-inner\"><div class=\"wpb_wrapper\"><div class=\"w-iconbox iconpos_top style_circle color_custom align_center no_text no_title\"><div class=\"w-iconbox-icon\" style=\"font-size:36px;--icon-color:#003366;--icon-bg-color:#E5EBF0;\"><i class=\"fal fa-user-chart\"><\/i><\/div><div class=\"w-iconbox-meta\"><\/div><\/div><div class=\"w-separator size_custom\" style=\"height:30px\"><\/div><div class=\"wpb_text_column us_custom_cc4df688 has_text_color\"><div class=\"wpb_wrapper\"><p style=\"text-align: center;\">TEASER DE PR\u00c9-COMERCIALIZA\u00c7\u00c3O<\/p>\n<\/div><\/div><div class=\"w-separator size_custom\" style=\"height:10px\"><\/div><div class=\"wpb_text_column us_custom_07f6adca has_text_color\"><div class=\"wpb_wrapper\"><p style=\"text-align: center;\">O teaser de pr\u00e9-comercializa\u00e7\u00e3o abrangente para confirmar facilmente os juros da transa\u00e7\u00e3o.<\/p>\n<\/div><\/div><\/div><\/div><\/div><div class=\"vc_col-sm-4 wpb_column vc_column_container\"><div class=\"vc_column-inner\"><div class=\"wpb_wrapper\"><div class=\"w-iconbox iconpos_top style_circle color_custom align_center no_text no_title\"><div class=\"w-iconbox-icon\" style=\"font-size:36px;--icon-color:#003366;--icon-bg-color:#E5EBF0;\"><i class=\"fal fa-file-invoice-dollar\"><\/i><\/div><div class=\"w-iconbox-meta\"><\/div><\/div><div class=\"w-separator size_custom\" style=\"height:30px\"><\/div><div class=\"wpb_text_column us_custom_cc4df688 has_text_color\"><div class=\"wpb_wrapper\"><p style=\"text-align: center;\">AVALIA\u00c7\u00c3O DA CARTEIRA<\/p>\n<\/div><\/div><div class=\"w-separator size_custom\" style=\"height:10px\"><\/div><div class=\"wpb_text_column us_custom_07f6adca has_text_color\"><div class=\"wpb_wrapper\"><p style=\"text-align: center;\">Avalia\u00e7\u00e3o automatizada da carteira com an\u00e1lise de cen\u00e1rios pr\u00e9-preenchidos. Op\u00e7\u00e3o para executar uma avalia\u00e7\u00e3o mais aprofundada com segmenta\u00e7\u00e3o de carteira e par\u00e2metros personalizados.<\/p>\n<\/div><\/div><\/div><\/div><\/div><div class=\"vc_col-sm-4 wpb_column vc_column_container\"><div class=\"vc_column-inner\"><div class=\"wpb_wrapper\"><div class=\"w-iconbox iconpos_top style_circle color_custom align_center no_text no_title\"><div class=\"w-iconbox-icon\" style=\"font-size:36px;--icon-color:#003366;--icon-bg-color:#E5EBF0;\"><i class=\"fal fa-tachometer-alt-fast\"><\/i><\/div><div class=\"w-iconbox-meta\"><\/div><\/div><div class=\"w-separator size_custom\" style=\"height:30px\"><\/div><div class=\"wpb_text_column us_custom_cc4df688 has_text_color\"><div class=\"wpb_wrapper\"><p style=\"text-align: center;\">PAINEL CENTRALIZADO<\/p>\n<\/div><\/div><div class=\"w-separator size_custom\" style=\"height:10px\"><\/div><div class=\"wpb_text_column us_custom_07f6adca has_text_color\"><div class=\"wpb_wrapper\"><p style=\"text-align: center;\">Painel centralizado para lidar com v\u00e1rias transa\u00e7\u00f5es. Acesso direto \u00e0 transa\u00e7\u00e3o e monitoriza\u00e7\u00e3o do prazo.<\/p>\n<\/div><\/div><\/div><\/div><\/div><\/div><div class=\"w-separator size_medium\"><\/div><div class=\"g-cols wpb_row via_flex valign_top type_default stacking_default\"><div class=\"vc_col-sm-4 wpb_column vc_column_container\"><div class=\"vc_column-inner\"><div class=\"wpb_wrapper\"><div class=\"w-iconbox iconpos_top style_circle color_custom align_center no_text no_title\"><div class=\"w-iconbox-icon\" style=\"font-size:36px;--icon-color:#003366;--icon-bg-color:#E5EBF0;\"><i class=\"fal fa-bell-on\"><\/i><\/div><div class=\"w-iconbox-meta\"><\/div><\/div><div class=\"w-separator size_custom\" style=\"height:30px\"><\/div><div class=\"wpb_text_column us_custom_cc4df688 has_text_color\"><div class=\"wpb_wrapper\"><p style=\"text-align: center;\">ALERTA E NOTIFICA\u00c7\u00c3O<\/p>\n<\/div><\/div><div class=\"w-separator size_custom\" style=\"height:10px\"><\/div><div class=\"wpb_text_column us_custom_07f6adca has_text_color\"><div class=\"wpb_wrapper\"><p style=\"text-align: center;\">Notifica\u00e7\u00e3o e alertas em tempo real para uma execu\u00e7\u00e3o sem problemas.<\/p>\n<\/div><\/div><\/div><\/div><\/div><div class=\"vc_col-sm-4 wpb_column vc_column_container\"><div class=\"vc_column-inner\"><div class=\"wpb_wrapper\"><div class=\"w-iconbox iconpos_top style_circle color_custom align_center no_text no_title\"><div class=\"w-iconbox-icon\" style=\"font-size:36px;--icon-color:#003366;--icon-bg-color:#E5EBF0;\"><i class=\"fal fa-handshake\"><\/i><\/div><div class=\"w-iconbox-meta\"><\/div><\/div><div class=\"w-separator size_custom\" style=\"height:30px\"><\/div><div class=\"wpb_text_column us_custom_cc4df688 has_text_color\"><div class=\"wpb_wrapper\"><p style=\"text-align: center;\">OPORTUNIDADES DE INVESTIMENTO<\/p>\n<\/div><\/div><div class=\"w-separator size_custom\" style=\"height:10px\"><\/div><div class=\"wpb_text_column us_custom_07f6adca has_text_color\"><div class=\"wpb_wrapper\"><p style=\"text-align: center;\">Ampla gama de oportunidades de investimento entre classes de ativos e jurisdi\u00e7\u00f5es.<\/p>\n<\/div><\/div><\/div><\/div><\/div><div class=\"vc_col-sm-4 wpb_column vc_column_container\"><div class=\"vc_column-inner\"><div class=\"wpb_wrapper\"><div class=\"w-iconbox iconpos_top style_circle color_custom align_center no_text no_title\"><div class=\"w-iconbox-icon\" style=\"font-size:36px;--icon-color:#003366;--icon-bg-color:#E5EBF0;\"><i class=\"fal fa-sliders-v\"><\/i><\/div><div class=\"w-iconbox-meta\"><\/div><\/div><div class=\"w-separator size_custom\" style=\"height:30px\"><\/div><div class=\"wpb_text_column us_custom_cc4df688 has_text_color\"><div class=\"wpb_wrapper\"><p style=\"text-align: center;\">PREFER\u00caNCIAS DE INVESTIMENTO<\/p>\n<\/div><\/div><div class=\"w-separator size_custom\" style=\"height:10px\"><\/div><div class=\"wpb_text_column us_custom_07f6adca has_text_color\"><div class=\"wpb_wrapper\"><p style=\"text-align: center;\">Configure as prefer\u00eancias de investimento para receber convites para transa\u00e7\u00f5es relevantes.<\/p>\n<\/div><\/div><\/div><\/div><\/div><\/div><div class=\"w-separator size_medium\"><\/div><div class=\"g-cols wpb_row via_flex valign_top type_default stacking_default\"><div class=\"vc_col-sm-4 wpb_column vc_column_container\"><div class=\"vc_column-inner\"><div class=\"wpb_wrapper\"><div class=\"w-iconbox iconpos_top style_circle color_custom align_center no_text no_title\"><div class=\"w-iconbox-icon\" style=\"font-size:36px;--icon-color:#003366;--icon-bg-color:#E5EBF0;\"><i class=\"fal fa-calendar-alt\"><\/i><\/div><div class=\"w-iconbox-meta\"><\/div><\/div><div class=\"w-separator size_custom\" style=\"height:30px\"><\/div><div class=\"wpb_text_column us_custom_cc4df688 has_text_color\"><div class=\"wpb_wrapper\"><p style=\"text-align: center;\">LIMPAR A LINHA DO TEMPO DA TRANSA\u00c7\u00c3O<\/p>\n<\/div><\/div><div class=\"w-separator size_custom\" style=\"height:10px\"><\/div><div class=\"wpb_text_column us_custom_07f6adca has_text_color\"><div class=\"wpb_wrapper\"><p style=\"text-align: center;\">Os investidores t\u00eam visibilidade clara da linha do tempo da transa\u00e7\u00e3o para que possam estar sempre no topo da execu\u00e7\u00e3o do neg\u00f3cio.<\/p>\n<\/div><\/div><\/div><\/div><\/div><div class=\"vc_col-sm-4 wpb_column vc_column_container\"><div class=\"vc_column-inner\"><div class=\"wpb_wrapper\"><div class=\"w-iconbox iconpos_top style_circle color_custom align_center no_text no_title\"><div class=\"w-iconbox-icon\" style=\"font-size:36px;--icon-color:#003366;--icon-bg-color:#E5EBF0;\"><i class=\"fal fa-comment-dots\"><\/i><\/div><div class=\"w-iconbox-meta\"><\/div><\/div><div class=\"w-separator size_custom\" style=\"height:30px\"><\/div><div class=\"wpb_text_column us_custom_cc4df688 has_text_color\"><div class=\"wpb_wrapper\"><p style=\"text-align: center;\">MENSAGENS E COMUNICA\u00c7\u00c3O<\/p>\n<\/div><\/div><div class=\"w-separator size_custom\" style=\"height:10px\"><\/div><div class=\"wpb_text_column us_custom_07f6adca has_text_color\"><div class=\"wpb_wrapper\"><p style=\"text-align: center;\">Ferramenta de envio de mensagens para apoiar a comunica\u00e7\u00e3o e a negocia\u00e7\u00e3o em cada fase da transa\u00e7\u00e3o.<\/p>\n<\/div><\/div><\/div><\/div><\/div><div class=\"vc_col-sm-4 wpb_column vc_column_container\"><div class=\"vc_column-inner\"><div class=\"wpb_wrapper\"><\/div><\/div><\/div><\/div><\/div><\/div><\/div><\/div><\/div><\/section>\n","protected":false},"excerpt":{"rendered":"<p>Sistema centralizado de investimento de ponta a ponta <\/p>\n","protected":false},"author":230404242,"featured_media":3444,"parent":0,"menu_order":0,"comment_status":"closed","ping_status":"closed","template":"","meta":{"_monsterinsights_skip_tracking":false,"_monsterinsights_sitenote_active":false,"_monsterinsights_sitenote_note":"","_monsterinsights_sitenote_category":0,"footnotes":""},"class_list":["post-3745","page","type-page","status-publish","has-post-thumbnail","hentry"],"aioseo_notices":[],"jetpack_sharing_enabled":true,"jetpack_shortlink":"https:\/\/wp.me\/PeuIXD-Yp","jetpack-related-posts":[],"_links":{"self":[{"href":"https:\/\/nplmarkets.com\/pt-br\/wp-json\/wp\/v2\/pages\/3745","targetHints":{"allow":["GET"]}}],"collection":[{"href":"https:\/\/nplmarkets.com\/pt-br\/wp-json\/wp\/v2\/pages"}],"about":[{"href":"https:\/\/nplmarkets.com\/pt-br\/wp-json\/wp\/v2\/types\/page"}],"author":[{"embeddable":true,"href":"https:\/\/nplmarkets.com\/pt-br\/wp-json\/wp\/v2\/users\/230404242"}],"replies":[{"embeddable":true,"href":"https:\/\/nplmarkets.com\/pt-br\/wp-json\/wp\/v2\/comments?post=3745"}],"version-history":[{"count":7,"href":"https:\/\/nplmarkets.com\/pt-br\/wp-json\/wp\/v2\/pages\/3745\/revisions"}],"predecessor-version":[{"id":4312,"href":"https:\/\/nplmarkets.com\/pt-br\/wp-json\/wp\/v2\/pages\/3745\/revisions\/4312"}],"wp:featuredmedia":[{"embeddable":true,"href":"https:\/\/nplmarkets.com\/pt-br\/wp-json\/wp\/v2\/media\/3444"}],"wp:attachment":[{"href":"https:\/\/nplmarkets.com\/pt-br\/wp-json\/wp\/v2\/media?parent=3745"}],"curies":[{"name":"wp","href":"https:\/\/api.w.org\/{rel}","templated":true}]}}