{"id":3723,"date":"2023-03-06T14:56:24","date_gmt":"2023-03-06T13:56:24","guid":{"rendered":"https:\/\/nplmarkets.com\/asesores\/"},"modified":"2023-04-25T18:05:24","modified_gmt":"2023-04-25T16:05:24","slug":"asesores","status":"publish","type":"page","link":"https:\/\/nplmarkets.com\/es\/asesores\/","title":{"rendered":"Asesores"},"content":{"rendered":"<section class=\"l-section wpb_row height_huge with_img\"><div class=\"l-section-img\" role=\"img\" data-img-width=\"1920\" data-img-height=\"1280\" style=\"background-image: url(https:\/\/i0.wp.com\/nplmarkets.com\/wp-content\/uploads\/2023\/03\/advisors-header.jpg?fit=1920%2C1280&#038;ssl=1);\"><\/div><div class=\"l-section-h i-cf\"><div class=\"g-cols vc_row via_flex valign_top type_default stacking_default\"><div class=\"vc_col-sm-12 wpb_column vc_column_container\"><div class=\"vc_column-inner\"><div class=\"wpb_wrapper\"><div class=\"w-iconbox iconpos_top style_circle color_custom align_center no_text no_title\"><div class=\"w-iconbox-icon\" style=\"font-size:48px;--icon-color:#ffffff;--icon-bg-color:rgba(255,255,255,0.00);\"><i class=\"fal fa-users\"><\/i><\/div><div class=\"w-iconbox-meta\"><\/div><\/div><div class=\"wpb_text_column us_custom_44463e1c has_text_color\"><div class=\"wpb_wrapper\"><p style=\"text-align: center;\">ASESORES<\/p>\n<\/div><\/div><div class=\"w-separator size_custom\" style=\"height:20px\"><\/div><div class=\"wpb_text_column us_custom_b3806694 has_text_color\"><div class=\"wpb_wrapper\"><p style=\"text-align: center;\">Herramientas muy \u00fatiles para completar los mandatos de venta de carteras.<\/p>\n<\/div><\/div><\/div><\/div><\/div><\/div><\/div><\/section><section class=\"l-section wpb_row height_huge\"><div class=\"l-section-h i-cf\"><div class=\"g-cols vc_row via_flex valign_top type_default stacking_default\"><div class=\"vc_col-sm-12 wpb_column vc_column_container\"><div class=\"vc_column-inner\"><div class=\"wpb_wrapper\"><div class=\"wpb_text_column us_custom_6f89fec3 has_text_color\"><div class=\"wpb_wrapper\"><h2 style=\"text-align: center;\">M\u00e1s negocio de asesoramiento utilizando nuestra plataforma integrada de software<\/h2>\n<\/div><\/div><div class=\"w-separator size_large\"><\/div><div class=\"g-cols wpb_row via_flex valign_top type_default stacking_default\"><div class=\"vc_col-sm-4 wpb_column vc_column_container\"><div class=\"vc_column-inner\"><div class=\"wpb_wrapper\"><div class=\"w-iconbox iconpos_top style_circle color_custom align_center no_text no_title\"><div class=\"w-iconbox-icon\" style=\"font-size:36px;--icon-color:#003366;--icon-bg-color:#E5EBF0;\"><i class=\"fal fa-tachometer-alt-fast\"><\/i><\/div><div class=\"w-iconbox-meta\"><\/div><\/div><div class=\"w-separator size_custom\" style=\"height:30px\"><\/div><div class=\"wpb_text_column us_custom_cc4df688 has_text_color\"><div class=\"wpb_wrapper\"><p style=\"text-align: center;\">PANEL DE CONTROL INTEGRADO PARA FACILITAR LA COLABORACI\u00d3N CON LOS CLIENTES<\/p>\n<\/div><\/div><div class=\"w-separator size_custom\" style=\"height:10px\"><\/div><div class=\"wpb_text_column us_custom_07f6adca has_text_color\"><div class=\"wpb_wrapper\"><p style=\"text-align: center;\">Panel de control centralizado para de una manera eficiente asesorar a los clientes en la preparaci\u00f3n de datos, valoraci\u00f3n e implementaci\u00f3n de estrategias de venta de carteras.<\/p>\n<\/div><\/div><\/div><\/div><\/div><div class=\"vc_col-sm-4 wpb_column vc_column_container\"><div class=\"vc_column-inner\"><div class=\"wpb_wrapper\"><div class=\"w-iconbox iconpos_top style_circle color_custom align_center no_text no_title\"><div class=\"w-iconbox-icon\" style=\"font-size:36px;--icon-color:#003366;--icon-bg-color:#E5EBF0;\"><i class=\"fal fa-file-invoice-dollar\"><\/i><\/div><div class=\"w-iconbox-meta\"><\/div><\/div><div class=\"w-separator size_custom\" style=\"height:30px\"><\/div><div class=\"wpb_text_column us_custom_cc4df688 has_text_color\"><div class=\"wpb_wrapper\"><p style=\"text-align: center;\">VALORACI\u00d3N DE CARTERAS Y AN\u00c1LISIS DEL BALANCE DE LOS BANCOS<\/p>\n<\/div><\/div><div class=\"w-separator size_custom\" style=\"height:10px\"><\/div><div class=\"wpb_text_column us_custom_07f6adca has_text_color\"><div class=\"wpb_wrapper\"><p style=\"text-align: center;\">Aplique nuestra herramienta de segmentaci\u00f3n para un an\u00e1lisis m\u00e1s detallado de la cartera. Utilice par\u00e1metros segmento-por-segmento para incrementar la precisi\u00f3n en la valoraci\u00f3n de la cartera. An\u00e1lisis del balance de los bancos, estrategias de coste de capital basada en el riesgo ponderado de los activos y precio &#8216;break even&#8217; bajo par\u00e1metros personificados.<\/p>\n<\/div><\/div><\/div><\/div><\/div><div class=\"vc_col-sm-4 wpb_column vc_column_container\"><div class=\"vc_column-inner\"><div class=\"wpb_wrapper\"><div class=\"w-iconbox iconpos_top style_circle color_custom align_center no_text no_title\"><div class=\"w-iconbox-icon\" style=\"font-size:36px;--icon-color:#003366;--icon-bg-color:#E5EBF0;\"><i class=\"fal fa-handshake\"><\/i><\/div><div class=\"w-iconbox-meta\"><\/div><\/div><div class=\"w-separator size_custom\" style=\"height:30px\"><\/div><div class=\"wpb_text_column us_custom_cc4df688 has_text_color\"><div class=\"wpb_wrapper\"><p style=\"text-align: center;\">MERCADO ELECTR\u00d3NICO<\/p>\n<\/div><\/div><div class=\"w-separator size_custom\" style=\"height:10px\"><\/div><div class=\"wpb_text_column us_custom_07f6adca has_text_color\"><div class=\"wpb_wrapper\"><p style=\"text-align: center;\">Invite a su cliente al mercado electr\u00f3nico para una ejecuci\u00f3n del proceso de venta de carteras m\u00e1s eficiente. Estar\u00e1 en el mismo equipo de la transacci\u00f3n con su cliente para asesorarle a lo largo de cada fase de la transacci\u00f3n. Todas las fases de la transacci\u00f3n est\u00e1n habilitadas desde el teaser de pre-marketing hasta la oferta vinculante, incluyendo un &#8216;data room&#8217; virtual integrado.<\/p>\n<\/div><\/div><\/div><\/div><\/div><\/div><div class=\"w-separator size_medium\"><\/div><div class=\"g-cols wpb_row via_flex valign_top type_default stacking_default\"><div class=\"vc_col-sm-4 wpb_column vc_column_container\"><div class=\"vc_column-inner\"><div class=\"wpb_wrapper\"><div class=\"w-iconbox iconpos_top style_circle color_custom align_center no_text no_title\"><div class=\"w-iconbox-icon\" style=\"font-size:36px;--icon-color:#003366;--icon-bg-color:#E5EBF0;\"><i class=\"fal fa-file-check\"><\/i><\/div><div class=\"w-iconbox-meta\"><\/div><\/div><div class=\"w-separator size_custom\" style=\"height:30px\"><\/div><div class=\"wpb_text_column us_custom_cc4df688 has_text_color\"><div class=\"wpb_wrapper\"><p style=\"text-align: center;\">VALIDACI\u00d3N DEL &#8216;DATA TAPE&#8217; DE LA CARTERA Y MEJORA DE LOS DATOS<\/p>\n<\/div><\/div><div class=\"w-separator size_custom\" style=\"height:10px\"><\/div><div class=\"wpb_text_column us_custom_07f6adca has_text_color\"><div class=\"wpb_wrapper\"><p style=\"text-align: center;\">Mapeo automatizado del &#8216;data tape&#8217; y validaci\u00f3n versus la plantilla EBA NPL modificada. Registro del &#8216;data tape&#8217; para su mejora, combinando datos personificados y experiencia con nuestra base de datos.<\/p>\n<\/div><\/div><\/div><\/div><\/div><div class=\"vc_col-sm-4 wpb_column vc_column_container\"><div class=\"vc_column-inner\"><div class=\"wpb_wrapper\"><div class=\"w-iconbox iconpos_top style_circle color_custom align_center no_text no_title\"><div class=\"w-iconbox-icon\" style=\"font-size:36px;--icon-color:#003366;--icon-bg-color:#E5EBF0;\"><i class=\"fal fa-hands-usd\"><\/i><\/div><div class=\"w-iconbox-meta\"><\/div><\/div><div class=\"w-separator size_custom\" style=\"height:30px\"><\/div><div class=\"wpb_text_column us_custom_cc4df688 has_text_color\"><div class=\"wpb_wrapper\"><p style=\"text-align: center;\">MODELIZACI\u00d3N DE FLUJOS DE CAJA PARA ESTRUCTURAS DE TITULIZACI\u00d3N<\/p>\n<\/div><\/div><div class=\"w-separator size_custom\" style=\"height:10px\"><\/div><div class=\"wpb_text_column us_custom_07f6adca has_text_color\"><div class=\"wpb_wrapper\"><p style=\"text-align: center;\">Acceda a nuestras funcionalidades de titulizaci\u00f3n para crear y analizar flujos de caja de activo y de pasiv. Genere escenarios de evoluci\u00f3n de las carteras utilizando nuestro an\u00e1lisis, segmentando la cartera hasta los pr\u00e9stamos individuales. Generaci\u00f3n autom\u00e1tica del cash flow de los pasivos para modelizar estructuras de titulizaci\u00f3n. Obtenga la estructura \u00f3ptima de la transacci\u00f3n en funci\u00f3n de las expectativas del vendedor, inversor y agencia de rating. Elabore an\u00e1lisis de &#8216;stress test&#8217; y valoraci\u00f3n de cada tramo de la titulizaci\u00f3n.<\/p>\n<\/div><\/div><\/div><\/div><\/div><div class=\"vc_col-sm-4 wpb_column vc_column_container\"><div class=\"vc_column-inner\"><div class=\"wpb_wrapper\"><div class=\"w-iconbox iconpos_top style_circle color_custom align_center no_text no_title\"><div class=\"w-iconbox-icon\" style=\"font-size:36px;--icon-color:#003366;--icon-bg-color:#E5EBF0;\"><i class=\"fal fa-balance-scale\"><\/i><\/div><div class=\"w-iconbox-meta\"><\/div><\/div><div class=\"w-separator size_custom\" style=\"height:30px\"><\/div><div class=\"wpb_text_column us_custom_cc4df688 has_text_color\"><div class=\"wpb_wrapper\"><p style=\"text-align: center;\">OPERATIVO EN 26 JURISDICCIONES Y DIVERSAS CLASES DE ACTIVOS<\/p>\n<\/div><\/div><div class=\"w-separator size_custom\" style=\"height:10px\"><\/div><div class=\"wpb_text_column us_custom_07f6adca has_text_color\"><div class=\"wpb_wrapper\"><p style=\"text-align: center;\">Una plataforma internacional integrada que posibilita el asesoramiento en los procesos de venta de diversas clases de activos en 26 jurisdicciones. Se incluir\u00e1n nuevos pa\u00edses.<\/p>\n<\/div><\/div><\/div><\/div><\/div><\/div><\/div><\/div><\/div><\/div><\/div><\/section>\n","protected":false},"excerpt":{"rendered":"<p>Herramientas muy \u00fatiles para completar los mandatos de venta de carteras.<\/p>\n","protected":false},"author":230404242,"featured_media":3445,"parent":0,"menu_order":0,"comment_status":"closed","ping_status":"closed","template":"","meta":{"_monsterinsights_skip_tracking":false,"_monsterinsights_sitenote_active":false,"_monsterinsights_sitenote_note":"","_monsterinsights_sitenote_category":0,"footnotes":""},"class_list":["post-3723","page","type-page","status-publish","has-post-thumbnail","hentry"],"aioseo_notices":[],"jetpack_sharing_enabled":true,"jetpack_shortlink":"https:\/\/wp.me\/PeuIXD-Y3","jetpack-related-posts":[],"_links":{"self":[{"href":"https:\/\/nplmarkets.com\/es\/wp-json\/wp\/v2\/pages\/3723","targetHints":{"allow":["GET"]}}],"collection":[{"href":"https:\/\/nplmarkets.com\/es\/wp-json\/wp\/v2\/pages"}],"about":[{"href":"https:\/\/nplmarkets.com\/es\/wp-json\/wp\/v2\/types\/page"}],"author":[{"embeddable":true,"href":"https:\/\/nplmarkets.com\/es\/wp-json\/wp\/v2\/users\/230404242"}],"replies":[{"embeddable":true,"href":"https:\/\/nplmarkets.com\/es\/wp-json\/wp\/v2\/comments?post=3723"}],"version-history":[{"count":2,"href":"https:\/\/nplmarkets.com\/es\/wp-json\/wp\/v2\/pages\/3723\/revisions"}],"predecessor-version":[{"id":3725,"href":"https:\/\/nplmarkets.com\/es\/wp-json\/wp\/v2\/pages\/3723\/revisions\/3725"}],"wp:featuredmedia":[{"embeddable":true,"href":"https:\/\/nplmarkets.com\/es\/wp-json\/wp\/v2\/media\/3445"}],"wp:attachment":[{"href":"https:\/\/nplmarkets.com\/es\/wp-json\/wp\/v2\/media?parent=3723"}],"curies":[{"name":"wp","href":"https:\/\/api.w.org\/{rel}","templated":true}]}}