{"id":3775,"date":"2023-03-06T14:56:04","date_gmt":"2023-03-06T13:56:04","guid":{"rendered":"https:\/\/nplmarkets.com\/kreditmanagement-servicing\/"},"modified":"2023-05-02T01:40:25","modified_gmt":"2023-05-01T23:40:25","slug":"kreditmanagement-servicing","status":"publish","type":"page","link":"https:\/\/nplmarkets.com\/de\/kreditmanagement-servicing\/","title":{"rendered":"Kreditmanagement &#038; Servicing"},"content":{"rendered":"<section class=\"l-section wpb_row height_huge with_img\"><div class=\"l-section-img\" role=\"img\" data-img-width=\"1920\" data-img-height=\"1280\" style=\"background-image: url(https:\/\/i0.wp.com\/nplmarkets.com\/wp-content\/uploads\/2023\/03\/servicecompanies-header.jpg?fit=1920%2C1280&#038;ssl=1);\"><\/div><div class=\"l-section-h i-cf\"><div class=\"g-cols vc_row via_flex valign_top type_default stacking_default\"><div class=\"vc_col-sm-12 wpb_column vc_column_container\"><div class=\"vc_column-inner\"><div class=\"wpb_wrapper\"><div class=\"w-iconbox iconpos_top style_circle color_custom align_center no_text no_title\"><div class=\"w-iconbox-icon\" style=\"font-size:48px;--icon-color:#ffffff;--icon-bg-color:rgba(255,255,255,0.00);\"><i class=\"fal fa-users\"><\/i><\/div><div class=\"w-iconbox-meta\"><\/div><\/div><div class=\"wpb_text_column us_custom_44463e1c has_text_color\"><div class=\"wpb_wrapper\"><p style=\"text-align: center;\">Kreditmanagement &amp; Servicing<\/p>\n<\/div><\/div><div class=\"w-separator size_custom\" style=\"height:20px\"><\/div><div class=\"wpb_text_column us_custom_b3806694 has_text_color\"><div class=\"wpb_wrapper\"><p style=\"text-align: center;\">Effizienzsteigerung im Kreditmanagement<\/p>\n<\/div><\/div><\/div><\/div><\/div><\/div><\/div><\/section><section class=\"l-section wpb_row height_huge\"><div class=\"l-section-h i-cf\"><div class=\"g-cols vc_row via_flex valign_top type_default stacking_default\"><div class=\"vc_col-sm-12 wpb_column vc_column_container\"><div class=\"vc_column-inner\"><div class=\"wpb_wrapper\"><div class=\"wpb_text_column us_custom_6f89fec3 has_text_color\"><div class=\"wpb_wrapper\"><h2 style=\"text-align: center;\">Effizienzsteigerung im Kreditmanagement<\/h2>\n<\/div><\/div><div class=\"w-separator size_large\"><\/div><div class=\"g-cols wpb_row via_flex valign_top type_default stacking_default\"><div class=\"vc_col-sm-4 wpb_column vc_column_container\"><div class=\"vc_column-inner\"><div class=\"wpb_wrapper\"><div class=\"w-iconbox iconpos_top style_circle color_custom align_center no_text no_title\"><div class=\"w-iconbox-icon\" style=\"font-size:36px;--icon-color:#003366;--icon-bg-color:#E5EBF0;\"><i class=\"fal fa-file-check\"><\/i><\/div><div class=\"w-iconbox-meta\"><\/div><\/div><div class=\"w-separator size_custom\" style=\"height:30px\"><\/div><div class=\"wpb_text_column us_custom_cc4df688 has_text_color\"><div class=\"wpb_wrapper\"><p style=\"text-align: center;\">PORTFOLIO-VALIDIERUNG UND DATENANREICHERUNG<\/p>\n<\/div><\/div><div class=\"w-separator size_custom\" style=\"height:10px\"><\/div><div class=\"wpb_text_column us_custom_07f6adca has_text_color\"><div class=\"wpb_wrapper\"><p style=\"text-align: center;\">Automatisierte Zuordnung und Validierung von Portfoliodaten gegen die EBA NPL-Vorlage. Datenqualit\u00e4tsprotokoll zur Anreicherung und Verbesserung von Daten, die Ihre Daten und Ihr Fachwissen mit unserer Datenbank kombinieren.<\/p>\n<\/div><\/div><\/div><\/div><\/div><div class=\"vc_col-sm-4 wpb_column vc_column_container\"><div class=\"vc_column-inner\"><div class=\"wpb_wrapper\"><div class=\"w-iconbox iconpos_top style_circle color_custom align_center no_text no_title\"><div class=\"w-iconbox-icon\" style=\"font-size:36px;--icon-color:#003366;--icon-bg-color:#E5EBF0;\"><i class=\"fal fa-file-invoice-dollar\"><\/i><\/div><div class=\"w-iconbox-meta\"><\/div><\/div><div class=\"w-separator size_custom\" style=\"height:30px\"><\/div><div class=\"wpb_text_column us_custom_cc4df688 has_text_color\"><div class=\"wpb_wrapper\"><p style=\"text-align: center;\">PORTFOLIO-BEWERTUNG<\/p>\n<\/div><\/div><div class=\"w-separator size_custom\" style=\"height:10px\"><\/div><div class=\"wpb_text_column us_custom_07f6adca has_text_color\"><div class=\"wpb_wrapper\"><p style=\"text-align: center;\">Wenden Sie die Segmentierung f\u00fcr eine detailliertere Portfolioanalyse an. Legen Sie Parameter Cluster-by-Cluster fest, um die Genauigkeit der Portfoliobewertung zu erh\u00f6hen.<\/p>\n<\/div><\/div><\/div><\/div><\/div><div class=\"vc_col-sm-4 wpb_column vc_column_container\"><div class=\"vc_column-inner\"><div class=\"wpb_wrapper\"><div class=\"w-iconbox iconpos_top style_circle color_custom align_center no_text no_title\"><div class=\"w-iconbox-icon\" style=\"font-size:36px;--icon-color:#003366;--icon-bg-color:#E5EBF0;\"><i class=\"fal fa-shield-check\"><\/i><\/div><div class=\"w-iconbox-meta\"><\/div><\/div><div class=\"w-separator size_custom\" style=\"height:30px\"><\/div><div class=\"wpb_text_column us_custom_cc4df688 has_text_color\"><div class=\"wpb_wrapper\"><p style=\"text-align: center;\">REGULATORISCHE BERICHTERSTATTUNG (ANGABEN ZU ESMA-VERBRIEFUNGEN)<\/p>\n<\/div><\/div><div class=\"w-separator size_custom\" style=\"height:10px\"><\/div><div class=\"wpb_text_column us_custom_07f6adca has_text_color\"><div class=\"wpb_wrapper\"><p style=\"text-align: center;\">Erstellen Sie Vorlagen auf Einzel-Exposure-Ebene, um neue Offenlegungsanforderungen f\u00fcr \u00f6ffentliche und private Verbriefungstransaktionen zu erf\u00fcllen. Benutzer k\u00f6nnen ihre Daten den ESMA-Anh\u00e4ngen zuordnen, einschlie\u00dflich SSPE-Cashflows und bedeutenden Ereignissen.<\/p>\n<\/div><\/div><\/div><\/div><\/div><\/div><div class=\"w-separator size_medium\"><\/div><div class=\"g-cols wpb_row via_flex valign_top type_default stacking_default\"><div class=\"vc_col-sm-4 wpb_column vc_column_container\"><div class=\"vc_column-inner\"><div class=\"wpb_wrapper\"><div class=\"w-iconbox iconpos_top style_circle color_custom align_center no_text no_title\"><div class=\"w-iconbox-icon\" style=\"font-size:36px;--icon-color:#003366;--icon-bg-color:#E5EBF0;\"><i class=\"fal fa-handshake\"><\/i><\/div><div class=\"w-iconbox-meta\"><\/div><\/div><div class=\"w-separator size_custom\" style=\"height:30px\"><\/div><div class=\"wpb_text_column us_custom_cc4df688 has_text_color\"><div class=\"wpb_wrapper\"><p style=\"text-align: center;\">MARKTPLATZ<\/p>\n<\/div><\/div><div class=\"w-separator size_custom\" style=\"height:10px\"><\/div><div class=\"wpb_text_column us_custom_07f6adca has_text_color\"><div class=\"wpb_wrapper\"><p style=\"text-align: center;\">Greifen Sie auf den Marktplatz zu, um Portfolios oder einzelne Namen zu verkaufen oder zu kaufen und eine aktivere Servicestrategie umzusetzen. Alle Transaktionsphasen werden vom Pre-Marketing-Teaser bis zum verbindlichen Angebot unterst\u00fctzt, einschlie\u00dflich des Zugangs zum integrierten Virtual Data Room.<\/p>\n<\/div><\/div><\/div><\/div><\/div><div class=\"vc_col-sm-4 wpb_column vc_column_container\"><div class=\"vc_column-inner\"><div class=\"wpb_wrapper\"><div class=\"w-iconbox iconpos_top style_circle color_custom align_center no_text no_title\"><div class=\"w-iconbox-icon\" style=\"font-size:36px;--icon-color:#003366;--icon-bg-color:#E5EBF0;\"><i class=\"fal fa-clipboard-list-check\"><\/i><\/div><div class=\"w-iconbox-meta\"><\/div><\/div><div class=\"w-separator size_custom\" style=\"height:30px\"><\/div><div class=\"wpb_text_column us_custom_cc4df688 has_text_color\"><div class=\"wpb_wrapper\"><p style=\"text-align: center;\">VORAUSGEF\u00dcLLTE SZENARIOANALYSE<\/p>\n<\/div><\/div><div class=\"w-separator size_custom\" style=\"height:10px\"><\/div><div class=\"wpb_text_column us_custom_07f6adca has_text_color\"><div class=\"wpb_wrapper\"><p style=\"text-align: center;\">Schnelle Portfolio-Bewertung. Automatisierte Generierung von vorausgef\u00fcllten Preisanalysen unter Basis, optimalen, nachteiligen und stark nachteiligen Szenarien.<\/p>\n<\/div><\/div><\/div><\/div><\/div><div class=\"vc_col-sm-4 wpb_column vc_column_container\"><div class=\"vc_column-inner\"><div class=\"wpb_wrapper\"><div class=\"w-iconbox iconpos_top style_circle color_custom align_center no_text no_title\"><div class=\"w-iconbox-icon\" style=\"font-size:36px;--icon-color:#003366;--icon-bg-color:#E5EBF0;\"><i class=\"fal fa-file-chart-pie\"><\/i><\/div><div class=\"w-iconbox-meta\"><\/div><\/div><div class=\"w-separator size_custom\" style=\"height:30px\"><\/div><div class=\"wpb_text_column us_custom_cc4df688 has_text_color\"><div class=\"wpb_wrapper\"><p style=\"text-align: center;\">PERFORMANCE-BERICHTE UND GESCH\u00c4FTSPLAN<\/p>\n<\/div><\/div><div class=\"w-separator size_custom\" style=\"height:10px\"><\/div><div class=\"wpb_text_column us_custom_07f6adca has_text_color\"><div class=\"wpb_wrapper\"><p style=\"text-align: center;\">Verwalten Sie laufende Berichte zur Portfolio-Performance. Laden Sie monatliche oder viertelj\u00e4hrliche standardisierte Daten f\u00fcr Datenqualit\u00e4tspr\u00fcfungen hoch und erstellen Sie interaktive Online-Verwertungsberichte zum Download als PDF &amp; Excel.<\/p>\n<\/div><\/div><\/div><\/div><\/div><\/div><div class=\"w-separator size_medium\"><\/div><div class=\"g-cols wpb_row via_flex valign_top type_default stacking_default\"><div class=\"vc_col-sm-4 wpb_column vc_column_container\"><div class=\"vc_column-inner\"><div class=\"wpb_wrapper\"><div class=\"w-iconbox iconpos_top style_circle color_custom align_center no_text no_title\"><div class=\"w-iconbox-icon\" style=\"font-size:36px;--icon-color:#003366;--icon-bg-color:#E5EBF0;\"><i class=\"fal fa-balance-scale\"><\/i><\/div><div class=\"w-iconbox-meta\"><\/div><\/div><div class=\"w-separator size_custom\" style=\"height:30px\"><\/div><div class=\"wpb_text_column us_custom_cc4df688 has_text_color\"><div class=\"wpb_wrapper\"><p style=\"text-align: center;\">IN 26 JURISDIKTIONEN UND ZAHLREICHE ASSETKLASSEN<\/p>\n<\/div><\/div><div class=\"w-separator size_custom\" style=\"height:10px\"><\/div><div class=\"wpb_text_column us_custom_07f6adca has_text_color\"><div class=\"wpb_wrapper\"><p style=\"text-align: center;\">Algorithmische Datenvalidierung in unterschiedlichen Anlageklassen und 26 europ\u00e4ischen Jurisdiktionen unter Verwendung l\u00e4nderspezifischer Parameter. Weitere L\u00e4nder werden in K\u00fcrze einbezogen.<\/p>\n<\/div><\/div><\/div><\/div><\/div><div class=\"vc_col-sm-4 wpb_column vc_column_container\"><div class=\"vc_column-inner\"><div class=\"wpb_wrapper\"><div class=\"w-iconbox iconpos_top style_circle color_custom align_center no_text no_title\"><div class=\"w-iconbox-icon\" style=\"font-size:36px;--icon-color:#003366;--icon-bg-color:#E5EBF0;\"><i class=\"fal fa-tachometer-alt-fast\"><\/i><\/div><div class=\"w-iconbox-meta\"><\/div><\/div><div class=\"w-separator size_custom\" style=\"height:30px\"><\/div><div class=\"wpb_text_column us_custom_cc4df688 has_text_color\"><div class=\"wpb_wrapper\"><p style=\"text-align: center;\">DASHBOARD UM IHRE KUNDEN ZU ERREICHEN<\/p>\n<\/div><\/div><div class=\"w-separator size_custom\" style=\"height:10px\"><\/div><div class=\"wpb_text_column us_custom_07f6adca has_text_color\"><div class=\"wpb_wrapper\"><p style=\"text-align: center;\">Zentralisiertes Dashboard, um Ihre Kunden reibungslos zu erreichen und mit ihnen zusammenzuarbeiten und Ihre Dienste schneller als zuvor bereitzustellen.<\/p>\n<\/div><\/div><\/div><\/div><\/div><div class=\"vc_col-sm-4 wpb_column vc_column_container\"><div class=\"vc_column-inner\"><div class=\"wpb_wrapper\"><\/div><\/div><\/div><\/div><\/div><\/div><\/div><\/div><\/div><\/section>\n","protected":false},"excerpt":{"rendered":"<p>Steigerung der Verwertungeffizienz durch detaillierte Berichterstattung<\/p>\n","protected":false},"author":230404242,"featured_media":2885,"parent":0,"menu_order":0,"comment_status":"closed","ping_status":"closed","template":"","meta":{"_monsterinsights_skip_tracking":false,"_monsterinsights_sitenote_active":false,"_monsterinsights_sitenote_note":"","_monsterinsights_sitenote_category":0,"footnotes":""},"class_list":["post-3775","page","type-page","status-publish","has-post-thumbnail","hentry"],"aioseo_notices":[],"jetpack_sharing_enabled":true,"jetpack_shortlink":"https:\/\/wp.me\/PeuIXD-YT","jetpack-related-posts":[],"_links":{"self":[{"href":"https:\/\/nplmarkets.com\/de\/wp-json\/wp\/v2\/pages\/3775","targetHints":{"allow":["GET"]}}],"collection":[{"href":"https:\/\/nplmarkets.com\/de\/wp-json\/wp\/v2\/pages"}],"about":[{"href":"https:\/\/nplmarkets.com\/de\/wp-json\/wp\/v2\/types\/page"}],"author":[{"embeddable":true,"href":"https:\/\/nplmarkets.com\/de\/wp-json\/wp\/v2\/users\/230404242"}],"replies":[{"embeddable":true,"href":"https:\/\/nplmarkets.com\/de\/wp-json\/wp\/v2\/comments?post=3775"}],"version-history":[{"count":2,"href":"https:\/\/nplmarkets.com\/de\/wp-json\/wp\/v2\/pages\/3775\/revisions"}],"predecessor-version":[{"id":3777,"href":"https:\/\/nplmarkets.com\/de\/wp-json\/wp\/v2\/pages\/3775\/revisions\/3777"}],"wp:featuredmedia":[{"embeddable":true,"href":"https:\/\/nplmarkets.com\/de\/wp-json\/wp\/v2\/media\/2885"}],"wp:attachment":[{"href":"https:\/\/nplmarkets.com\/de\/wp-json\/wp\/v2\/media?parent=3775"}],"curies":[{"name":"wp","href":"https:\/\/api.w.org\/{rel}","templated":true}]}}