{"id":3730,"date":"2023-03-06T14:55:17","date_gmt":"2023-03-06T13:55:17","guid":{"rendered":"https:\/\/nplmarkets.com\/verkaeufer\/"},"modified":"2023-05-02T00:19:35","modified_gmt":"2023-05-01T22:19:35","slug":"verkaeufer","status":"publish","type":"page","link":"https:\/\/nplmarkets.com\/de\/verkaeufer\/","title":{"rendered":"Verk\u00e4ufer"},"content":{"rendered":"<section class=\"l-section wpb_row height_huge with_img\"><div class=\"l-section-img\" role=\"img\" data-img-width=\"1920\" data-img-height=\"1280\" style=\"background-image: url(https:\/\/i0.wp.com\/nplmarkets.com\/wp-content\/uploads\/2023\/03\/sellers-header.jpg?fit=1920%2C1280&#038;ssl=1);\"><\/div><div class=\"l-section-h i-cf\"><div class=\"g-cols vc_row via_flex valign_top type_default stacking_default\"><div class=\"vc_col-sm-12 wpb_column vc_column_container\"><div class=\"vc_column-inner\"><div class=\"wpb_wrapper\"><div class=\"w-iconbox iconpos_top style_circle color_custom align_center no_text no_title\"><div class=\"w-iconbox-icon\" style=\"font-size:48px;--icon-color:#ffffff;--icon-bg-color:rgba(255,255,255,0.00);\"><i class=\"fal fa-users\"><\/i><\/div><div class=\"w-iconbox-meta\"><\/div><\/div><div class=\"wpb_text_column us_custom_44463e1c has_text_color\"><div class=\"wpb_wrapper\"><p style=\"text-align: center;\" data-mce-style=\"text-align: center;\">Verk\u00e4ufer<\/p>\n<\/div><\/div><div class=\"w-separator size_custom\" style=\"height:20px\"><\/div><div class=\"wpb_text_column us_custom_b3806694 has_text_color\"><div class=\"wpb_wrapper\"><p style=\"text-align: center;\" data-mce-style=\"text-align: center;\">Vereinfachen sie Ihre Verkaufsstrategie, werden sie Teil unseres Marketplatzes<\/p>\n<\/div><\/div><\/div><\/div><\/div><\/div><\/div><\/section><section class=\"l-section wpb_row height_huge\"><div class=\"l-section-h i-cf\"><div class=\"g-cols vc_row via_flex valign_top type_default stacking_default\"><div class=\"vc_col-sm-12 wpb_column vc_column_container\"><div class=\"vc_column-inner\"><div class=\"wpb_wrapper\"><div class=\"wpb_text_column us_custom_6f89fec3 has_text_color\"><div class=\"wpb_wrapper\"><h2 style=\"text-align: center;\" data-mce-style=\"text-align: center;\">Mehrwert f\u00fcr Verk\u00e4ufer<\/h2>\n<\/div><\/div><div class=\"w-separator size_large\"><\/div><div class=\"g-cols wpb_row via_flex valign_top type_default stacking_default\"><div class=\"vc_col-sm-4 wpb_column vc_column_container\"><div class=\"vc_column-inner\"><div class=\"wpb_wrapper\"><div class=\"w-iconbox iconpos_top style_circle color_custom align_center no_text no_title\"><div class=\"w-iconbox-icon\" style=\"font-size:36px;--icon-color:#003366;--icon-bg-color:#E5EBF0;\"><i class=\"fal fa-layer-group\"><\/i><\/div><div class=\"w-iconbox-meta\"><\/div><\/div><div class=\"w-separator size_custom\" style=\"height:30px\"><\/div><div class=\"wpb_text_column us_custom_cc4df688 has_text_color\"><div class=\"wpb_wrapper\"><p style=\"text-align: center;\" data-mce-style=\"text-align: center;\">DATA PREPARATION<\/p>\n<\/div><\/div><div class=\"w-separator size_custom\" style=\"height:10px\"><\/div><div class=\"wpb_text_column us_custom_07f6adca has_text_color\"><div class=\"wpb_wrapper\"><p style=\"text-align: center;\" data-mce-style=\"text-align: center;\">Automatisierte Portfoliodatenaufbereitung und \u00dcberpr\u00fcfung der Datenqualit\u00e4t zur Datenverbesserung. Verwandeln Sie Ihre Daten in eine neue Vorlage im Einklang mit dem EBA-Standard.<\/p>\n<\/div><\/div><\/div><\/div><\/div><div class=\"vc_col-sm-4 wpb_column vc_column_container\"><div class=\"vc_column-inner\"><div class=\"wpb_wrapper\"><div class=\"w-iconbox iconpos_top style_circle color_custom align_center no_text no_title\"><div class=\"w-iconbox-icon\" style=\"font-size:36px;--icon-color:#003366;--icon-bg-color:#E5EBF0;\"><i class=\"fal fa-balance-scale\"><\/i><\/div><div class=\"w-iconbox-meta\"><\/div><\/div><div class=\"w-separator size_custom\" style=\"height:30px\"><\/div><div class=\"wpb_text_column us_custom_cc4df688 has_text_color\"><div class=\"wpb_wrapper\"><p style=\"text-align: center;\" data-mce-style=\"text-align: center;\">PORTFOLIO BEWERTUNG<\/p>\n<\/div><\/div><div class=\"w-separator size_custom\" style=\"height:10px\"><\/div><div class=\"wpb_text_column us_custom_07f6adca has_text_color\"><div class=\"wpb_wrapper\"><p style=\"text-align: center;\">Automatisierte Portfoliobewertung mit vorausgef\u00fcllter Szenarioanalyse. Option zur Durchf\u00fchrung einer tieferen Bewertung mit Portfolio-Segmentierung und ma\u00dfgeschneiderten Parametern.<\/p>\n<\/div><\/div><\/div><\/div><\/div><div class=\"vc_col-sm-4 wpb_column vc_column_container\"><div class=\"vc_column-inner\"><div class=\"wpb_wrapper\"><div class=\"w-iconbox iconpos_top style_circle color_custom align_center no_text no_title\"><div class=\"w-iconbox-icon\" style=\"font-size:36px;--icon-color:#003366;--icon-bg-color:#E5EBF0;\"><i class=\"fal fa-analytics\"><\/i><\/div><div class=\"w-iconbox-meta\"><\/div><\/div><div class=\"w-separator size_custom\" style=\"height:30px\"><\/div><div class=\"wpb_text_column us_custom_cc4df688 has_text_color\"><div class=\"wpb_wrapper\"><p style=\"text-align: center;\" data-mce-style=\"text-align: center;\">ANALYSEN<\/p>\n<\/div><\/div><div class=\"w-separator size_custom\" style=\"height:10px\"><\/div><div class=\"wpb_text_column us_custom_07f6adca has_text_color\"><div class=\"wpb_wrapper\"><p style=\"text-align: center;\">Optimieren Sie die Verkaufsstrategie mit ma\u00dfgeschneiderte Annahmen und Segmentierung. Strukturieren Sie unterschiedliche Finanzierungstranchen oder ABS.<\/p>\n<\/div><\/div><\/div><\/div><\/div><\/div><div class=\"w-separator size_medium\"><\/div><div class=\"g-cols wpb_row via_flex valign_top type_default stacking_default\"><div class=\"vc_col-sm-4 wpb_column vc_column_container\"><div class=\"vc_column-inner\"><div class=\"wpb_wrapper\"><div class=\"w-iconbox iconpos_top style_circle color_custom align_center no_text no_title\"><div class=\"w-iconbox-icon\" style=\"font-size:36px;--icon-color:#003366;--icon-bg-color:#E5EBF0;\"><i class=\"fal fa-tachometer-alt-slow\"><\/i><\/div><div class=\"w-iconbox-meta\"><\/div><\/div><div class=\"w-separator size_custom\" style=\"height:30px\"><\/div><div class=\"wpb_text_column us_custom_cc4df688 has_text_color\"><div class=\"wpb_wrapper\"><p style=\"text-align: center;\" data-mce-style=\"text-align: center;\">ZENTRALES DASHBOARD<\/p>\n<\/div><\/div><div class=\"w-separator size_custom\" style=\"height:10px\"><\/div><div class=\"wpb_text_column us_custom_07f6adca has_text_color\"><div class=\"wpb_wrapper\"><p style=\"text-align: center;\">Zentralisiertes Dashboard zur reibungslosen Durchf\u00fchrung mehrerer Portfolio-Verk\u00e4ufe. Direkter Transaktionszugriff und Termin\u00fcberwachung.<\/p>\n<\/div><\/div><\/div><\/div><\/div><div class=\"vc_col-sm-4 wpb_column vc_column_container\"><div class=\"vc_column-inner\"><div class=\"wpb_wrapper\"><div class=\"w-iconbox iconpos_top style_circle color_custom align_center no_text no_title\"><div class=\"w-iconbox-icon\" style=\"font-size:36px;--icon-color:#003366;--icon-bg-color:#E5EBF0;\"><i class=\"fal fa-globe\"><\/i><\/div><div class=\"w-iconbox-meta\"><\/div><\/div><div class=\"w-separator size_custom\" style=\"height:30px\"><\/div><div class=\"wpb_text_column us_custom_cc4df688 has_text_color\"><div class=\"wpb_wrapper\"><p style=\"text-align: center;\">ERREICHEN SIE INTERNATIONALE INVESTOREN<\/p>\n<\/div><\/div><div class=\"w-separator size_custom\" style=\"height:10px\"><\/div><div class=\"wpb_text_column us_custom_07f6adca has_text_color\"><div class=\"wpb_wrapper\"><p style=\"text-align: center;\" data-mce-style=\"text-align: center;\">Automatisierte Portfoliodatenaufbereitung und \u00dcberpr\u00fcfung der Datenqualit\u00e4t zur Datenverbesserung. Verwandeln Sie Ihre Daten in eine neue Vorlage im Einklang mit dem EBA-Standard.<\/p>\n<\/div><\/div><\/div><\/div><\/div><div class=\"vc_col-sm-4 wpb_column vc_column_container\"><div class=\"vc_column-inner\"><div class=\"wpb_wrapper\"><div class=\"w-iconbox iconpos_top style_circle color_custom align_center no_text no_title\"><div class=\"w-iconbox-icon\" style=\"font-size:36px;--icon-color:#003366;--icon-bg-color:#E5EBF0;\"><i class=\"fal fa-stopwatch\"><\/i><\/div><div class=\"w-iconbox-meta\"><\/div><\/div><div class=\"w-separator size_custom\" style=\"height:30px\"><\/div><div class=\"wpb_text_column us_custom_cc4df688 has_text_color\"><div class=\"wpb_wrapper\"><p style=\"text-align: center;\">SCHNELLERE DEAL AUSF\u00dcHRUNG<\/p>\n<\/div><\/div><div class=\"w-separator size_custom\" style=\"height:10px\"><\/div><div class=\"wpb_text_column us_custom_07f6adca has_text_color\"><div class=\"wpb_wrapper\"><p style=\"text-align: center;\">Automatisierte Portfoliobewertung mit vorausgef\u00fcllter Szenarioanalyse. Option zur Durchf\u00fchrung einer tieferen Bewertung mit Portfolio-Segmentierung und ma\u00dfgeschneiderten Parametern.<\/p>\n<\/div><\/div><\/div><\/div><\/div><\/div><div class=\"w-separator size_medium\"><\/div><div class=\"g-cols wpb_row via_flex valign_top type_default stacking_default\"><div class=\"vc_col-sm-4 wpb_column vc_column_container\"><div class=\"vc_column-inner\"><div class=\"wpb_wrapper\"><div class=\"w-iconbox iconpos_top style_circle color_custom align_center no_text no_title\"><div class=\"w-iconbox-icon\" style=\"font-size:36px;--icon-color:#003366;--icon-bg-color:#E5EBF0;\"><i class=\"fal fa-file-chart-pie\"><\/i><\/div><div class=\"w-iconbox-meta\"><\/div><\/div><div class=\"w-separator size_custom\" style=\"height:30px\"><\/div><div class=\"wpb_text_column us_custom_cc4df688 has_text_color\"><div class=\"wpb_wrapper\"><p style=\"text-align: center;\">PERFORMANCE UND BEWERTUNGSBERICHTE<\/p>\n<\/div><\/div><div class=\"w-separator size_custom\" style=\"height:10px\"><\/div><div class=\"wpb_text_column us_custom_07f6adca has_text_color\"><div class=\"wpb_wrapper\"><p style=\"text-align: center;\">Optimieren Sie die Verkaufsstrategie mit ma\u00dfgeschneiderte Annahmen und Segmentierung. Strukturieren Sie unterschiedliche Finanzierungstranchen oder ABS.<\/p>\n<\/div><\/div><\/div><\/div><\/div><div class=\"vc_col-sm-4 wpb_column vc_column_container\"><div class=\"vc_column-inner\"><div class=\"wpb_wrapper\"><div class=\"w-iconbox iconpos_top style_circle color_custom align_center no_text no_title\"><div class=\"w-iconbox-icon\" style=\"font-size:36px;--icon-color:#003366;--icon-bg-color:#E5EBF0;\"><i class=\"fal fa-bell-on\"><\/i><\/div><div class=\"w-iconbox-meta\"><\/div><\/div><div class=\"w-separator size_custom\" style=\"height:30px\"><\/div><div class=\"wpb_text_column us_custom_cc4df688 has_text_color\"><div class=\"wpb_wrapper\"><p style=\"text-align: center;\">BENACHRICHTIGUNGEN IN ECHTZEIT<\/p>\n<\/div><\/div><div class=\"w-separator size_custom\" style=\"height:10px\"><\/div><div class=\"wpb_text_column us_custom_07f6adca has_text_color\"><div class=\"wpb_wrapper\"><p style=\"text-align: center;\">Zentralisiertes Dashboard zur reibungslosen Durchf\u00fchrung mehrerer Portfolio-Verk\u00e4ufe. Direkter Transaktionszugriff und Termin\u00fcberwachung.<\/p>\n<\/div><\/div><\/div><\/div><\/div><div class=\"vc_col-sm-4 wpb_column vc_column_container\"><div class=\"vc_column-inner\"><div class=\"wpb_wrapper\"><\/div><\/div><\/div><\/div><\/div><\/div><\/div><\/div><\/div><\/section>\n","protected":false},"excerpt":{"rendered":"<p>Vereinfachen sie Ihre Verkaufsstrategie, werden sie Teil unseres Marketplatzes<\/p>\n","protected":false},"author":230404242,"featured_media":2885,"parent":0,"menu_order":0,"comment_status":"closed","ping_status":"closed","template":"","meta":{"_monsterinsights_skip_tracking":false,"_monsterinsights_sitenote_active":false,"_monsterinsights_sitenote_note":"","_monsterinsights_sitenote_category":0,"footnotes":""},"class_list":["post-3730","page","type-page","status-publish","has-post-thumbnail","hentry"],"aioseo_notices":[],"jetpack_sharing_enabled":true,"jetpack_shortlink":"https:\/\/wp.me\/PeuIXD-Ya","jetpack-related-posts":[],"_links":{"self":[{"href":"https:\/\/nplmarkets.com\/de\/wp-json\/wp\/v2\/pages\/3730","targetHints":{"allow":["GET"]}}],"collection":[{"href":"https:\/\/nplmarkets.com\/de\/wp-json\/wp\/v2\/pages"}],"about":[{"href":"https:\/\/nplmarkets.com\/de\/wp-json\/wp\/v2\/types\/page"}],"author":[{"embeddable":true,"href":"https:\/\/nplmarkets.com\/de\/wp-json\/wp\/v2\/users\/230404242"}],"replies":[{"embeddable":true,"href":"https:\/\/nplmarkets.com\/de\/wp-json\/wp\/v2\/comments?post=3730"}],"version-history":[{"count":2,"href":"https:\/\/nplmarkets.com\/de\/wp-json\/wp\/v2\/pages\/3730\/revisions"}],"predecessor-version":[{"id":3732,"href":"https:\/\/nplmarkets.com\/de\/wp-json\/wp\/v2\/pages\/3730\/revisions\/3732"}],"wp:featuredmedia":[{"embeddable":true,"href":"https:\/\/nplmarkets.com\/de\/wp-json\/wp\/v2\/media\/2885"}],"wp:attachment":[{"href":"https:\/\/nplmarkets.com\/de\/wp-json\/wp\/v2\/media?parent=3730"}],"curies":[{"name":"wp","href":"https:\/\/api.w.org\/{rel}","templated":true}]}}